{"id":1424,"date":"2024-09-17T06:57:37","date_gmt":"2024-09-17T06:57:37","guid":{"rendered":"https:\/\/www.her-das.cz\/?page_id=1424"},"modified":"2026-03-18T09:30:20","modified_gmt":"2026-03-18T09:30:20","slug":"vyukove-materialy","status":"publish","type":"page","link":"https:\/\/www.her-das.cz\/?page_id=1424","title":{"rendered":"V\u00fdukov\u00e9 materi\u00e1ly"},"content":{"rendered":"<p><div class=\"fusion-fullwidth fullwidth-box fusion-builder-row-1 fusion-flex-container has-pattern-background has-mask-background fusion-parallax-none nonhundred-percent-fullwidth non-hundred-percent-height-scrolling lazyload\" style=\"--awb-background-position:left center;--awb-border-radius-top-left:0px;--awb-border-radius-top-right:0px;--awb-border-radius-bottom-right:0px;--awb-border-radius-bottom-left:0px;--awb-padding-top:190px;--awb-padding-bottom:167px;--awb-padding-left:0px;--awb-padding-top-small:0px;--awb-background-color:#f6f6f6;--awb-background-size:cover;--awb-flex-wrap:wrap;\" data-bg=\"https:\/\/www.her-das.cz\/wp-content\/uploads\/2023\/11\/logo.png\" ><div class=\"fusion-builder-row fusion-row fusion-flex-align-items-flex-start fusion-flex-content-wrap\" style=\"max-width:calc( 1140px + 0px );margin-left: calc(-0px \/ 2 );margin-right: calc(-0px \/ 2 );\"><div class=\"fusion-layout-column fusion_builder_column fusion-builder-column-0 fusion_builder_column_1_1 1_1 fusion-flex-column\" style=\"--awb-bg-blend:overlay;--awb-bg-size:cover;--awb-width-large:100%;--awb-margin-top-large:0px;--awb-spacing-right-large:0px;--awb-margin-bottom-large:0px;--awb-spacing-left-large:0px;--awb-width-medium:100%;--awb-order-medium:0;--awb-spacing-right-medium:0px;--awb-spacing-left-medium:0px;--awb-width-small:100%;--awb-order-small:0;--awb-spacing-right-small:0px;--awb-spacing-left-small:0px;\" data-scroll-devices=\"small-visibility,medium-visibility,large-visibility\"><div class=\"fusion-column-wrapper fusion-column-has-shadow fusion-flex-justify-content-flex-start fusion-content-layout-column\"><div class=\"fusion-separator fusion-no-large-visibility fusion-full-width-sep\" style=\"align-self: center;margin-left: auto;margin-right: auto;margin-top:30px;width:100%;\"><\/div><\/div><\/div><\/div><\/div><div class=\"fusion-fullwidth fullwidth-box fusion-builder-row-2 fusion-flex-container has-pattern-background has-mask-background nonhundred-percent-fullwidth non-hundred-percent-height-scrolling\" style=\"--awb-border-radius-top-left:0px;--awb-border-radius-top-right:0px;--awb-border-radius-bottom-right:0px;--awb-border-radius-bottom-left:0px;--awb-padding-top:0px;--awb-margin-top:0px;--awb-margin-bottom:0px;--awb-flex-wrap:wrap;\" ><div class=\"fusion-builder-row fusion-row fusion-flex-align-items-flex-end fusion-flex-content-wrap\" style=\"max-width:1185.6px;margin-left: calc(-4% \/ 2 );margin-right: calc(-4% \/ 2 );\"><div class=\"fusion-layout-column fusion_builder_column fusion-builder-column-1 fusion_builder_column_1_2 1_2 fusion-flex-column\" style=\"--awb-bg-size:cover;--awb-width-large:50%;--awb-margin-top-large:0px;--awb-spacing-right-large:3.84%;--awb-margin-bottom-large:0px;--awb-spacing-left-large:3.84%;--awb-width-medium:100%;--awb-order-medium:0;--awb-spacing-right-medium:1.92%;--awb-spacing-left-medium:1.92%;--awb-width-small:100%;--awb-order-small:0;--awb-spacing-right-small:1.92%;--awb-spacing-left-small:1.92%;\" data-scroll-devices=\"small-visibility,medium-visibility,large-visibility\"><div class=\"fusion-column-wrapper fusion-column-has-shadow fusion-flex-justify-content-flex-end fusion-content-layout-column\"><div class=\"fusion-text fusion-text-1\"><p><a href=\"https:\/\/www.schroter.cz\/pristup\/kr01jc26\/tabor-herdas.htm\"><img decoding=\"async\" class=\"lazyload wp-image-1432 aligncenter\" src=\"https:\/\/www.her-das.cz\/wp-content\/uploads\/2024\/09\/Snimek-obrazovky-2024-09-17-v-9.16.09.png\" data-orig-src=\"https:\/\/www.her-das.cz\/wp-content\/uploads\/2024\/09\/Snimek-obrazovky-2024-09-17-v-9.16.09.png\" alt=\"\" width=\"270\" height=\"116\" srcset=\"data:image\/svg+xml,%3Csvg%20xmlns%3D%27http%3A%2F%2Fwww.w3.org%2F2000%2Fsvg%27%20width%3D%27270%27%20height%3D%27116%27%20viewBox%3D%270%200%20270%20116%27%3E%3Crect%20width%3D%27270%27%20height%3D%27116%27%20fill-opacity%3D%220%22%2F%3E%3C%2Fsvg%3E\" data-srcset=\"https:\/\/www.her-das.cz\/wp-content\/uploads\/2024\/09\/Snimek-obrazovky-2024-09-17-v-9.16.09-200x86.png 200w, https:\/\/www.her-das.cz\/wp-content\/uploads\/2024\/09\/Snimek-obrazovky-2024-09-17-v-9.16.09-300x129.png 300w, https:\/\/www.her-das.cz\/wp-content\/uploads\/2024\/09\/Snimek-obrazovky-2024-09-17-v-9.16.09-400x172.png 400w, https:\/\/www.her-das.cz\/wp-content\/uploads\/2024\/09\/Snimek-obrazovky-2024-09-17-v-9.16.09-600x258.png 600w, https:\/\/www.her-das.cz\/wp-content\/uploads\/2024\/09\/Snimek-obrazovky-2024-09-17-v-9.16.09.png 711w\" data-sizes=\"auto\" data-orig-sizes=\"(max-width: 270px) 100vw, 270px\" \/><\/a><\/p>\n<\/div><div class=\"fusion-text fusion-text-2\"><p>Ka\u017ed\u00fd \u017e\u00e1k m\u00e1 n\u00e1rok na p\u0159\u00edstup k licen\u010dn\u00edmu programu Auto\u0161kola? Pohodln\u011b!, jeho\u017e sou\u010d\u00e1st\u00ed je online u\u010debnice a interaktivn\u00ed v\u00fdukov\u00e9 materi\u00e1ly. O heslo si po\u017e\u00e1dejte pros\u00edm prost\u0159ednictv\u00edm emailu, nebo na hodin\u011b teoretick\u00e9 v\u00fduky. K licenci se dostane kliknut\u00edm na ikonu <em><strong>Auto\u0161kola! Pohodln\u011b!<\/strong><\/em> (viz v\u00fd\u0161e).<\/p>\n<\/div><\/div><\/div><div class=\"fusion-layout-column fusion_builder_column fusion-builder-column-2 fusion_builder_column_1_2 1_2 fusion-flex-column\" style=\"--awb-bg-size:cover;--awb-width-large:50%;--awb-margin-top-large:0px;--awb-spacing-right-large:3.84%;--awb-margin-bottom-large:0px;--awb-spacing-left-large:3.84%;--awb-width-medium:100%;--awb-order-medium:0;--awb-spacing-right-medium:1.92%;--awb-spacing-left-medium:1.92%;--awb-width-small:100%;--awb-order-small:0;--awb-spacing-right-small:1.92%;--awb-spacing-left-small:1.92%;\" data-scroll-devices=\"small-visibility,medium-visibility,large-visibility\"><div class=\"fusion-column-wrapper fusion-column-has-shadow fusion-flex-justify-content-flex-end fusion-content-layout-column\"><div class=\"fusion-text fusion-text-3\"><p style=\"text-align: center;\"><strong><a href=\"https:\/\/etesty.md.gov.cz\/ro\/Home\">E-TESTY<\/a><\/strong><\/p>\n<p>&nbsp;<\/p>\n<p>&nbsp;<\/p>\n<p>&nbsp;<\/p>\n<p style=\"text-align: center;\"><strong><a href=\"https:\/\/www.bezpecnecesty.cz\/cz\/autoskola\/procvicovani-testy-autoskol\">E &#8211; TESTY<\/a> <\/strong><\/p>\n<p style=\"text-align: center;\">(s mo\u017enost\u00ed ozna\u010dov\u00e1n\u00ed ot\u00e1zek)<\/p>\n<\/div><\/div><\/div><\/div><\/div><\/p>\n","protected":false},"excerpt":{"rendered":"","protected":false},"author":2,"featured_media":0,"parent":0,"menu_order":0,"comment_status":"closed","ping_status":"closed","template":"","meta":{"om_disable_all_campaigns":false,"_monsterinsights_skip_tracking":false,"_monsterinsights_sitenote_active":false,"_monsterinsights_sitenote_note":"","_monsterinsights_sitenote_category":0,"_uf_show_specific_survey":0,"_uf_disable_surveys":false,"footnotes":""},"class_list":["post-1424","page","type-page","status-publish","hentry"],"yoast_head":"<!-- This site is optimized with the Yoast SEO plugin v27.4 - https:\/\/yoast.com\/product\/yoast-seo-wordpress\/ -->\n<title>V\u00fdukov\u00e9 materi\u00e1ly - Auto\u0161kola Her-\u010fas<\/title>\n<meta name=\"robots\" content=\"index, follow, max-snippet:-1, max-image-preview:large, max-video-preview:-1\" \/>\n<link rel=\"canonical\" href=\"https:\/\/www.her-das.cz\/?page_id=1424\" \/>\n<meta property=\"og:locale\" content=\"cs_CZ\" \/>\n<meta property=\"og:type\" content=\"article\" \/>\n<meta property=\"og:title\" content=\"V\u00fdukov\u00e9 materi\u00e1ly - Auto\u0161kola Her-\u010fas\" \/>\n<meta property=\"og:url\" content=\"https:\/\/www.her-das.cz\/?page_id=1424\" \/>\n<meta property=\"og:site_name\" content=\"Auto\u0161kola Her-\u010fas\" \/>\n<meta property=\"article:modified_time\" content=\"2026-03-18T09:30:20+00:00\" \/>\n<meta property=\"og:image\" content=\"https:\/\/www.her-das.cz\/wp-content\/uploads\/2024\/09\/Snimek-obrazovky-2024-09-17-v-9.16.09.png\" \/>\n<meta name=\"twitter:card\" content=\"summary_large_image\" \/>\n<meta name=\"twitter:label1\" content=\"Odhadovan\u00e1 doba \u010dten\u00ed\" \/>\n\t<meta name=\"twitter:data1\" content=\"1 minuta\" \/>\n<script type=\"application\/ld+json\" class=\"yoast-schema-graph\">{\"@context\":\"https:\\\/\\\/schema.org\",\"@graph\":[{\"@type\":\"WebPage\",\"@id\":\"https:\\\/\\\/www.her-das.cz\\\/?page_id=1424\",\"url\":\"https:\\\/\\\/www.her-das.cz\\\/?page_id=1424\",\"name\":\"V\u00fdukov\u00e9 materi\u00e1ly - Auto\u0161kola Her-\u010fas\",\"isPartOf\":{\"@id\":\"https:\\\/\\\/www.her-das.cz\\\/#website\"},\"primaryImageOfPage\":{\"@id\":\"https:\\\/\\\/www.her-das.cz\\\/?page_id=1424#primaryimage\"},\"image\":{\"@id\":\"https:\\\/\\\/www.her-das.cz\\\/?page_id=1424#primaryimage\"},\"thumbnailUrl\":\"https:\\\/\\\/www.her-das.cz\\\/wp-content\\\/uploads\\\/2024\\\/09\\\/Snimek-obrazovky-2024-09-17-v-9.16.09.png\",\"datePublished\":\"2024-09-17T06:57:37+00:00\",\"dateModified\":\"2026-03-18T09:30:20+00:00\",\"breadcrumb\":{\"@id\":\"https:\\\/\\\/www.her-das.cz\\\/?page_id=1424#breadcrumb\"},\"inLanguage\":\"cs\",\"potentialAction\":[{\"@type\":\"ReadAction\",\"target\":[\"https:\\\/\\\/www.her-das.cz\\\/?page_id=1424\"]}]},{\"@type\":\"ImageObject\",\"inLanguage\":\"cs\",\"@id\":\"https:\\\/\\\/www.her-das.cz\\\/?page_id=1424#primaryimage\",\"url\":\"https:\\\/\\\/www.her-das.cz\\\/wp-content\\\/uploads\\\/2024\\\/09\\\/Snimek-obrazovky-2024-09-17-v-9.16.09.png\",\"contentUrl\":\"https:\\\/\\\/www.her-das.cz\\\/wp-content\\\/uploads\\\/2024\\\/09\\\/Snimek-obrazovky-2024-09-17-v-9.16.09.png\",\"width\":711,\"height\":306},{\"@type\":\"BreadcrumbList\",\"@id\":\"https:\\\/\\\/www.her-das.cz\\\/?page_id=1424#breadcrumb\",\"itemListElement\":[{\"@type\":\"ListItem\",\"position\":1,\"name\":\"Dom\u016f\",\"item\":\"https:\\\/\\\/www.her-das.cz\\\/\"},{\"@type\":\"ListItem\",\"position\":2,\"name\":\"V\u00fdukov\u00e9 materi\u00e1ly\"}]},{\"@type\":\"WebSite\",\"@id\":\"https:\\\/\\\/www.her-das.cz\\\/#website\",\"url\":\"https:\\\/\\\/www.her-das.cz\\\/\",\"name\":\"Auto\u0161kola Her-\u010fas\",\"description\":\"\",\"potentialAction\":[{\"@type\":\"SearchAction\",\"target\":{\"@type\":\"EntryPoint\",\"urlTemplate\":\"https:\\\/\\\/www.her-das.cz\\\/?s={search_term_string}\"},\"query-input\":{\"@type\":\"PropertyValueSpecification\",\"valueRequired\":true,\"valueName\":\"search_term_string\"}}],\"inLanguage\":\"cs\"}]}<\/script>\n<!-- \/ Yoast SEO plugin. -->","yoast_head_json":{"title":"V\u00fdukov\u00e9 materi\u00e1ly - Auto\u0161kola Her-\u010fas","robots":{"index":"index","follow":"follow","max-snippet":"max-snippet:-1","max-image-preview":"max-image-preview:large","max-video-preview":"max-video-preview:-1"},"canonical":"https:\/\/www.her-das.cz\/?page_id=1424","og_locale":"cs_CZ","og_type":"article","og_title":"V\u00fdukov\u00e9 materi\u00e1ly - Auto\u0161kola Her-\u010fas","og_url":"https:\/\/www.her-das.cz\/?page_id=1424","og_site_name":"Auto\u0161kola Her-\u010fas","article_modified_time":"2026-03-18T09:30:20+00:00","og_image":[{"url":"https:\/\/www.her-das.cz\/wp-content\/uploads\/2024\/09\/Snimek-obrazovky-2024-09-17-v-9.16.09.png","type":"","width":"","height":""}],"twitter_card":"summary_large_image","twitter_misc":{"Odhadovan\u00e1 doba \u010dten\u00ed":"1 minuta"},"schema":{"@context":"https:\/\/schema.org","@graph":[{"@type":"WebPage","@id":"https:\/\/www.her-das.cz\/?page_id=1424","url":"https:\/\/www.her-das.cz\/?page_id=1424","name":"V\u00fdukov\u00e9 materi\u00e1ly - Auto\u0161kola Her-\u010fas","isPartOf":{"@id":"https:\/\/www.her-das.cz\/#website"},"primaryImageOfPage":{"@id":"https:\/\/www.her-das.cz\/?page_id=1424#primaryimage"},"image":{"@id":"https:\/\/www.her-das.cz\/?page_id=1424#primaryimage"},"thumbnailUrl":"https:\/\/www.her-das.cz\/wp-content\/uploads\/2024\/09\/Snimek-obrazovky-2024-09-17-v-9.16.09.png","datePublished":"2024-09-17T06:57:37+00:00","dateModified":"2026-03-18T09:30:20+00:00","breadcrumb":{"@id":"https:\/\/www.her-das.cz\/?page_id=1424#breadcrumb"},"inLanguage":"cs","potentialAction":[{"@type":"ReadAction","target":["https:\/\/www.her-das.cz\/?page_id=1424"]}]},{"@type":"ImageObject","inLanguage":"cs","@id":"https:\/\/www.her-das.cz\/?page_id=1424#primaryimage","url":"https:\/\/www.her-das.cz\/wp-content\/uploads\/2024\/09\/Snimek-obrazovky-2024-09-17-v-9.16.09.png","contentUrl":"https:\/\/www.her-das.cz\/wp-content\/uploads\/2024\/09\/Snimek-obrazovky-2024-09-17-v-9.16.09.png","width":711,"height":306},{"@type":"BreadcrumbList","@id":"https:\/\/www.her-das.cz\/?page_id=1424#breadcrumb","itemListElement":[{"@type":"ListItem","position":1,"name":"Dom\u016f","item":"https:\/\/www.her-das.cz\/"},{"@type":"ListItem","position":2,"name":"V\u00fdukov\u00e9 materi\u00e1ly"}]},{"@type":"WebSite","@id":"https:\/\/www.her-das.cz\/#website","url":"https:\/\/www.her-das.cz\/","name":"Auto\u0161kola Her-\u010fas","description":"","potentialAction":[{"@type":"SearchAction","target":{"@type":"EntryPoint","urlTemplate":"https:\/\/www.her-das.cz\/?s={search_term_string}"},"query-input":{"@type":"PropertyValueSpecification","valueRequired":true,"valueName":"search_term_string"}}],"inLanguage":"cs"}]}},"_links":{"self":[{"href":"https:\/\/www.her-das.cz\/index.php?rest_route=\/wp\/v2\/pages\/1424","targetHints":{"allow":["GET"]}}],"collection":[{"href":"https:\/\/www.her-das.cz\/index.php?rest_route=\/wp\/v2\/pages"}],"about":[{"href":"https:\/\/www.her-das.cz\/index.php?rest_route=\/wp\/v2\/types\/page"}],"author":[{"embeddable":true,"href":"https:\/\/www.her-das.cz\/index.php?rest_route=\/wp\/v2\/users\/2"}],"replies":[{"embeddable":true,"href":"https:\/\/www.her-das.cz\/index.php?rest_route=%2Fwp%2Fv2%2Fcomments&post=1424"}],"version-history":[{"count":21,"href":"https:\/\/www.her-das.cz\/index.php?rest_route=\/wp\/v2\/pages\/1424\/revisions"}],"predecessor-version":[{"id":1532,"href":"https:\/\/www.her-das.cz\/index.php?rest_route=\/wp\/v2\/pages\/1424\/revisions\/1532"}],"wp:attachment":[{"href":"https:\/\/www.her-das.cz\/index.php?rest_route=%2Fwp%2Fv2%2Fmedia&parent=1424"}],"curies":[{"name":"wp","href":"https:\/\/api.w.org\/{rel}","templated":true}]}}