{"id":18,"date":"2019-01-29T07:58:38","date_gmt":"2019-01-29T07:58:38","guid":{"rendered":"https:\/\/avadawebsites.wpengine.com\/driving\/?page_id=18"},"modified":"2026-03-16T10:36:15","modified_gmt":"2026-03-16T10:36:15","slug":"intensive-driving-course","status":"publish","type":"page","link":"https:\/\/www.her-das.cz\/?page_id=18","title":{"rendered":"Jak se p\u0159ihl\u00e1sit do kurzu + za\u010d\u00e1tky kurz\u016f"},"content":{"rendered":"<p><div class=\"fusion-fullwidth fullwidth-box fusion-builder-row-1 fusion-flex-container has-pattern-background has-mask-background nonhundred-percent-fullwidth non-hundred-percent-height-scrolling\" style=\"--awb-border-radius-top-left:0px;--awb-border-radius-top-right:0px;--awb-border-radius-bottom-right:0px;--awb-border-radius-bottom-left:0px;--awb-padding-top:80px;--awb-padding-bottom:80px;--awb-background-color:rgba(255,255,255,0);--awb-flex-wrap:wrap;\" ><div class=\"fusion-builder-row fusion-row fusion-flex-align-items-flex-start fusion-flex-content-wrap\" style=\"max-width:1185.6px;margin-left: calc(-4% \/ 2 );margin-right: calc(-4% \/ 2 );\"><div class=\"fusion-layout-column fusion_builder_column fusion-builder-column-0 fusion_builder_column_2_3 2_3 fusion-flex-column fusion-animated\" style=\"--awb-bg-blend:overlay;--awb-bg-size:cover;--awb-width-large:66.666666666667%;--awb-margin-top-large:0px;--awb-spacing-right-large:2.88%;--awb-margin-bottom-large:0px;--awb-spacing-left-large:2.88%;--awb-width-medium:100%;--awb-order-medium:0;--awb-spacing-right-medium:1.92%;--awb-spacing-left-medium:1.92%;--awb-width-small:100%;--awb-order-small:0;--awb-spacing-right-small:1.92%;--awb-spacing-left-small:1.92%;\" data-animationType=\"fadeInLeft\" data-animationDuration=\"0.6\" data-animationOffset=\"top-into-view\" data-scroll-devices=\"small-visibility,medium-visibility,large-visibility\"><div class=\"fusion-column-wrapper fusion-column-has-shadow fusion-flex-justify-content-space-between fusion-content-layout-row\"><div class=\"fusion-separator fusion-no-large-visibility fusion-full-width-sep\" style=\"align-self: center;margin-left: auto;margin-right: auto;margin-top:120px;margin-bottom:20px;width:100%;\"><\/div><div class=\"fusion-title title fusion-title-1 fusion-sep-none fusion-title-text fusion-title-size-two\" style=\"--awb-margin-top-small:0px;--awb-margin-right-small:0px;--awb-margin-bottom-small:20px;--awb-margin-left-small:0px;\"><h2 class=\"fusion-title-heading title-heading-left fusion-responsive-typography-calculated\" style=\"margin:0;--fontSize:40;line-height:1.5;\">Jak se p\u0159ihl\u00e1sit ke kurzu<\/h2><\/div><div class=\"fusion-text fusion-text-1\"><p>Nejprve si vyberte kurz, kter\u00fd odpov\u00edd\u00e1 Va\u0161im pot\u0159eb\u00e1m. N\u00e1sledn\u011b si vyberte jeden z nab\u00edzen\u00fdch term\u00edn\u016f za\u010d\u00e1tk\u016f kurzu (sv\u016fj preferovan\u00fd term\u00edn napi\u0161te do pozn\u00e1mky Va\u0161\u00ed p\u0159ihl\u00e1\u0161ky). Pot\u00e9 vypl\u0148te registra\u010dn\u00ed formul\u00e1\u0159, na jeho\u017e z\u00e1klad\u011b se V\u00e1m ozveme s dopl\u0148uj\u00edc\u00edmi informace o kurzu a jeho platb\u011b.<\/p>\n<p>*p\u0159ed vypln\u011bn\u00edm registra\u010dn\u00edho formul\u00e1\u0159e v\u011bnujte pozornost na\u0161im obchodn\u00edm podm\u00ednk\u00e1m<\/p>\n<p style=\"text-align: center; color: #eacd12;\">\n<\/div><div class=\"fusion-separator fusion-no-large-visibility fusion-full-width-sep\" style=\"align-self: center;margin-left: auto;margin-right: auto;margin-top:120px;margin-bottom:20px;width:100%;\"><\/div><\/div><\/div><div class=\"fusion-layout-column fusion_builder_column fusion-builder-column-1 fusion_builder_column_1_3 1_3 fusion-flex-column fusion-animated\" style=\"--awb-bg-blend:overlay;--awb-bg-size:cover;--awb-box-shadow: 0px 0px #f4f4f4;;--awb-width-large:33.333333333333%;--awb-margin-top-large:0px;--awb-spacing-right-large:5.76%;--awb-margin-bottom-large:0px;--awb-spacing-left-large:5.76%;--awb-width-medium:100%;--awb-order-medium:0;--awb-spacing-right-medium:1.92%;--awb-spacing-left-medium:1.92%;--awb-width-small:100%;--awb-order-small:0;--awb-spacing-right-small:1.92%;--awb-spacing-left-small:1.92%;\" data-animationType=\"fadeInLeft\" data-animationDuration=\"0.6\" data-animationOffset=\"top-into-view\" data-scroll-devices=\"small-visibility,medium-visibility,large-visibility\"><div class=\"fusion-column-wrapper fusion-column-has-shadow fusion-flex-justify-content-space-between fusion-content-layout-row\"><div class=\"fusion-separator fusion-no-large-visibility fusion-full-width-sep\" style=\"align-self: center;margin-left: auto;margin-right: auto;margin-top:120px;margin-bottom:20px;width:100%;\"><\/div><style type='text\/css'>\n\t\t\t\t.pricing-table-1.fusion-pricing-table .panel-container, .pricing-table-1.fusion-pricing-table .standout .panel-container,\n\t\t\t\t.pricing-table-1.full-boxed-pricing.fusion-pricing-table {background-color:hsla(var(--awb-color4-h),var(--awb-color4-s),var(--awb-color4-l),calc( var(--awb-color4-a) - 70% ));}\n\t\t\t\t.pricing-table-1.fusion-pricing-table .list-group .list-group-item,\n\t\t\t\t.pricing-table-1.fusion-pricing-table .list-group .list-group-item:last-child{background-color:var(--awb-color1); border-color:var(--awb-color3);}\n\t\t\t\t.pricing-table-1.full-boxed-pricing.fusion-pricing-table .panel-wrapper:hover .panel-heading,\n\t\t\t\t.pricing-table-1.fusion-pricing-table .panel-wrapper:hover .list-group-item {background-color:var(--awb-color3);}\n\t\t\t\t.pricing-table-1.full-boxed-pricing.fusion-pricing-table .panel-heading{background-color:var(--awb-color1);}\n\t\t\t\t.pricing-table-1.fusion-pricing-table .fusion-panel, .pricing-table-1 .panel-wrapper:last-child .fusion-panel,\n\t\t\t\t.pricing-table-1.fusion-pricing-table .standout .fusion-panel, .pricing-table-1.fusion-pricing-table  .panel-heading,\n\t\t\t\t.pricing-table-1.fusion-pricing-table .panel-body, .pricing-table-1.fusion-pricing-table .panel-footer{border-color:var(--awb-color3);}\n\t\t\t\t.pricing-table-1.fusion-pricing-table .panel-body, .pricing-table-1.fusion-pricing-table .panel-footer{background-color:hsla(var(--awb-color4-h),var(--awb-color4-s),var(--awb-color4-l),calc( var(--awb-color4-a) - 70% ));}\n\t\t\t\t.pricing-table-1.sep-boxed-pricing.fusion-pricing-table .panel-heading h3{color:var(--awb-color8);}\n\t\t\t\t.pricing-table-1.full-boxed-pricing.fusion-pricing-table .panel-heading h3{color:var(--awb-color7);}\n\t\t\t\t.pricing-table-1.fusion-pricing-table .panel-body .price .decimal-part{color:var(--awb-color4);}\n\t\t\t\t.pricing-table-1.fusion-pricing-table .panel-body .price .integer-part{color:var(--awb-color4);}\n\t\t\t\t.pricing-table-1.fusion-pricing-table ul.list-group li{color:var(--awb-color5);}\n\t\t\t\t<\/style><div class=\"fusion-pricing-table pricing-table-1 sep-boxed-pricing row fusion-columns-1 columns-1 fusion-clearfix\"><div class=\"panel-wrapper fusion-column column col-lg-12 col-md-12 col-sm-12 standout fusion-pricingtable-column\"><div class=\"panel-container\"><div class=\"fusion-panel\"><div class=\"panel-heading\"><h3 class=\"title-row\">Za\u010d\u00e1tky kurz\u016f<\/h3><\/div><div class=\"panel-body pricing-row\"><\/div><ul class=\"list-group\"><li class=\"list-group-item normal-row\">2.2.2026 (OBSAZENO)<\/li><li class=\"list-group-item normal-row\">2.3.2026 (OBSAZENO)<\/li><li class=\"list-group-item normal-row\">6.4.2026 (OBSAZENO)<\/li><li class=\"list-group-item normal-row\">4.5.2025 (OBSAZENO)<\/li><li class=\"list-group-item normal-row\">1.6.2026 (OBSAZENO)<\/li><li class=\"list-group-item normal-row\">6.7.2026 (OBSAZENO)<\/li><li class=\"list-group-item normal-row\">7.9.2026 (OBSAZENO)<\/li><li class=\"list-group-item normal-row\">5.10.2026 (VOLNO)<\/li><li class=\"list-group-item normal-row\">2.11.2026 (VOLNO)<\/li><\/ul><\/div><\/div><\/div><\/div><\/div><\/div><\/div><\/div><div class=\"fusion-fullwidth fullwidth-box fusion-builder-row-2 fusion-flex-container has-pattern-background has-mask-background nonhundred-percent-fullwidth non-hundred-percent-height-scrolling\" style=\"--awb-border-radius-top-left:0px;--awb-border-radius-top-right:0px;--awb-border-radius-bottom-right:0px;--awb-border-radius-bottom-left:0px;--awb-padding-top:120px;--awb-padding-bottom:60px;--awb-background-color:#f6f6f6;--awb-flex-wrap:wrap;\" ><div class=\"fusion-builder-row fusion-row fusion-flex-align-items-flex-start fusion-flex-content-wrap\" style=\"max-width:1185.6px;margin-left: calc(-4% \/ 2 );margin-right: calc(-4% \/ 2 );\"><div class=\"fusion-layout-column fusion_builder_column fusion-builder-column-2 fusion_builder_column_1_6 1_6 fusion-flex-column fusion-no-small-visibility fusion-no-medium-visibility\" style=\"--awb-bg-blend:overlay;--awb-bg-size:cover;--awb-width-large:16.666666666667%;--awb-margin-top-large:0px;--awb-spacing-right-large:11.52%;--awb-margin-bottom-large:0px;--awb-spacing-left-large:11.52%;--awb-width-medium:100%;--awb-spacing-right-medium:1.92%;--awb-spacing-left-medium:1.92%;--awb-width-small:100%;--awb-spacing-right-small:1.92%;--awb-spacing-left-small:1.92%;\"><div class=\"fusion-column-wrapper fusion-flex-justify-content-flex-start fusion-content-layout-column\"><\/div><\/div><div class=\"fusion-layout-column fusion_builder_column fusion-builder-column-3 fusion_builder_column_2_3 2_3 fusion-flex-column fusion-flex-align-self-flex-start fusion-column-no-min-height fusion-animated\" style=\"--awb-bg-blend:overlay;--awb-bg-size:cover;--awb-width-large:66.666666666667%;--awb-margin-top-large:0px;--awb-spacing-right-large:2.88%;--awb-margin-bottom-large:40px;--awb-spacing-left-large:2.88%;--awb-width-medium:100%;--awb-spacing-right-medium:1.92%;--awb-spacing-left-medium:1.92%;--awb-width-small:100%;--awb-spacing-right-small:1.92%;--awb-spacing-left-small:1.92%;\" data-animationType=\"fadeInUp\" data-animationDuration=\"0.6\" data-animationOffset=\"top-into-view\"><div class=\"fusion-column-wrapper fusion-flex-justify-content-flex-start fusion-content-layout-column\"><div class=\"fusion-title title fusion-title-2 fusion-sep-none fusion-title-center fusion-title-text fusion-title-size-two\" style=\"--awb-margin-top-small:0px;--awb-margin-right-small:0px;--awb-margin-bottom-small:20px;--awb-margin-left-small:0px;\"><h2 class=\"fusion-title-heading title-heading-center fusion-responsive-typography-calculated\" style=\"margin:0;--fontSize:40;line-height:1.5;\">V r\u00e1mci v\u00fdcviku garantujeme<\/h2><\/div><div class=\"fusion-text fusion-text-2\" style=\"--awb-content-alignment:center;--awb-font-size:var(--awb-typography2-font-size);--awb-line-height:var(--awb-typography2-line-height);--awb-letter-spacing:var(--awb-typography2-letter-spacing);--awb-text-transform:var(--awb-typography2-text-transform);--awb-text-font-family:var(--awb-typography2-font-family);--awb-text-font-weight:var(--awb-typography2-font-weight);--awb-text-font-style:var(--awb-typography2-font-style);\"><\/div><\/div><\/div><div class=\"fusion-layout-column fusion_builder_column fusion-builder-column-4 fusion_builder_column_1_6 1_6 fusion-flex-column fusion-no-small-visibility fusion-no-medium-visibility\" style=\"--awb-bg-blend:overlay;--awb-bg-size:cover;--awb-width-large:16.666666666667%;--awb-margin-top-large:0px;--awb-spacing-right-large:11.52%;--awb-margin-bottom-large:0px;--awb-spacing-left-large:11.52%;--awb-width-medium:100%;--awb-spacing-right-medium:1.92%;--awb-spacing-left-medium:1.92%;--awb-width-small:100%;--awb-spacing-right-small:1.92%;--awb-spacing-left-small:1.92%;\"><div class=\"fusion-column-wrapper fusion-flex-justify-content-flex-start fusion-content-layout-column\"><\/div><\/div><div class=\"fusion-layout-column fusion_builder_column fusion-builder-column-5 fusion_builder_column_1_1 1_1 fusion-flex-column fusion-animated\" style=\"--awb-bg-blend:overlay;--awb-bg-size:cover;--awb-width-large:100%;--awb-margin-top-large:0px;--awb-spacing-right-large:1.92%;--awb-margin-bottom-large:0px;--awb-spacing-left-large:1.92%;--awb-width-medium:100%;--awb-spacing-right-medium:1.92%;--awb-spacing-left-medium:1.92%;--awb-width-small:100%;--awb-spacing-right-small:1.92%;--awb-spacing-left-small:1.92%;\" data-animationType=\"fadeInUp\" data-animationDuration=\"0.6\" data-animationOffset=\"top-into-view\"><div class=\"fusion-column-wrapper fusion-flex-justify-content-flex-start fusion-content-layout-column\"><div class=\"fusion-content-boxes content-boxes columns row fusion-columns-3 fusion-columns-total-3 fusion-content-boxes-1 content-boxes-icon-on-top content-left\" style=\"--awb-hover-accent-color:var(--awb-color4);--awb-circle-hover-accent-color:var(--awb-color4);\" data-animationOffset=\"top-into-view\"><div style=\"--awb-backgroundcolor:rgba(255,255,255,0);\" class=\"fusion-column content-box-column content-box-column content-box-column-1 col-lg-4 col-md-4 col-sm-4 fusion-content-box-hover content-box-column-first-in-row\"><div class=\"col content-box-wrapper content-wrapper link-area-link-icon icon-hover-animation-pulsate\" data-animationOffset=\"top-into-view\"><div class=\"heading heading-with-icon icon-left\"><div class=\"icon\"><i style=\"border-color:rgba(51,51,51,0);border-width:1px;background-color:var(--awb-color4);box-sizing:content-box;height:90px;width:90px;line-height:90px;border-radius:50%;font-size:45px;\" aria-hidden=\"true\" class=\"fontawesome-icon awb-drivingcar-alt circle-yes\"><\/i><\/div><h3 class=\"content-box-heading fusion-responsive-typography-calculated\" style=\"--h3_typography-font-size:21px;--fontSize:21;line-height:1.5;\">Stejn\u00e9 auto po cel\u00fd kurz<\/h3><\/div><\/div><\/div><div style=\"--awb-backgroundcolor:rgba(255,255,255,0);\" class=\"fusion-column content-box-column content-box-column content-box-column-2 col-lg-4 col-md-4 col-sm-4 fusion-content-box-hover \"><div class=\"col content-box-wrapper content-wrapper link-area-link-icon icon-hover-animation-pulsate\" data-animationOffset=\"top-into-view\"><div class=\"heading heading-with-icon icon-left\"><div class=\"icon\"><i style=\"border-color:rgba(51,51,51,0);border-width:1px;background-color:var(--awb-color4);box-sizing:content-box;height:90px;width:90px;line-height:90px;border-radius:50%;font-size:45px;\" aria-hidden=\"true\" class=\"fontawesome-icon fa-chalkboard-teacher fas circle-yes\"><\/i><\/div><h3 class=\"content-box-heading fusion-responsive-typography-calculated\" style=\"--h3_typography-font-size:21px;--fontSize:21;line-height:1.5;\">Stejn\u00fd lektor po dobu kurzu<\/h3><\/div><\/div><\/div><div style=\"--awb-backgroundcolor:rgba(255,255,255,0);\" class=\"fusion-column content-box-column content-box-column content-box-column-3 col-lg-4 col-md-4 col-sm-4 fusion-content-box-hover content-box-column-last content-box-column-last-in-row\"><div class=\"col content-box-wrapper content-wrapper link-area-link-icon icon-hover-animation-pulsate\" data-animationOffset=\"top-into-view\"><div class=\"heading heading-with-icon icon-left\"><div class=\"icon\"><i style=\"border-color:rgba(51,51,51,0);border-width:1px;background-color:var(--awb-color4);box-sizing:content-box;height:90px;width:90px;line-height:90px;border-radius:50%;font-size:45px;\" aria-hidden=\"true\" class=\"fontawesome-icon fa-car-crash fas circle-yes\"><\/i><\/div><h3 class=\"content-box-heading fusion-responsive-typography-calculated\" style=\"--h3_typography-font-size:21px;--fontSize:21;line-height:1.5;\">Poji\u0161t\u011bn\u00ed po cel\u00fd v\u00fdcvik<\/h3><\/div><\/div><\/div><div class=\"fusion-clearfix\"><\/div><\/div><\/div><\/div><\/div><\/div><div class=\"fusion-fullwidth fullwidth-box fusion-builder-row-3 fusion-flex-container has-pattern-background has-mask-background nonhundred-percent-fullwidth non-hundred-percent-height-scrolling\" style=\"--link_color: #000000;--awb-border-radius-top-left:0px;--awb-border-radius-top-right:0px;--awb-border-radius-bottom-right:0px;--awb-border-radius-bottom-left:0px;--awb-padding-top:60px;--awb-padding-bottom:60px;--awb-background-color:#f7d962;--awb-flex-wrap:wrap;\" ><div class=\"fusion-builder-row fusion-row fusion-flex-align-items-stretch fusion-flex-content-wrap\" style=\"max-width:1185.6px;margin-left: calc(-4% \/ 2 );margin-right: calc(-4% \/ 2 );\"><div class=\"fusion-layout-column fusion_builder_column fusion-builder-column-6 fusion_builder_column_2_3 2_3 fusion-flex-column fusion-animated\" style=\"--awb-bg-blend:overlay;--awb-bg-size:cover;--awb-width-large:66.666666666667%;--awb-margin-top-large:0px;--awb-spacing-right-large:2.88%;--awb-margin-bottom-large:0px;--awb-spacing-left-large:2.88%;--awb-width-medium:100%;--awb-spacing-right-medium:1.92%;--awb-spacing-left-medium:1.92%;--awb-width-small:100%;--awb-spacing-right-small:1.92%;--awb-spacing-left-small:1.92%;\" data-animationType=\"fadeInLeft\" data-animationDuration=\"0.6\" data-animationOffset=\"top-into-view\"><div class=\"fusion-column-wrapper fusion-flex-justify-content-center fusion-content-layout-column\"><div class=\"fusion-title title fusion-title-3 fusion-sep-none fusion-title-text fusion-title-size-two\" style=\"--awb-text-color:var(--awb-color1);--awb-margin-bottom:0px;--awb-margin-top-small:0px;--awb-margin-right-small:0px;--awb-margin-bottom-small:20px;--awb-margin-left-small:0px;\"><h2 class=\"fusion-title-heading title-heading-left fusion-responsive-typography-calculated\" style=\"margin:0;--fontSize:40;line-height:1.5;\">Chce\u0161 se nau\u010dit \u0159\u00eddit?<\/h2><\/div><div class=\"fusion-title title fusion-title-4 fusion-sep-none fusion-title-text fusion-title-size-three\" style=\"--awb-text-color:var(--awb-color1);--awb-margin-bottom:0px;--awb-margin-top-small:0px;--awb-margin-right-small:0px;--awb-margin-bottom-small:20px;--awb-margin-left-small:0px;--awb-font-size:var(--awb-typography2-font-size);\"><h3 class=\"fusion-title-heading title-heading-left fusion-responsive-typography-calculated\" style=\"margin:0;font-size:1em;--fontSize:22;--minFontSize:22;line-height:1.5;\"><em>P\u0159ihla\u0161 se je\u0161t\u011b dnes!<\/em><\/h3><\/div><\/div><\/div><div class=\"fusion-layout-column fusion_builder_column fusion-builder-column-7 fusion_builder_column_1_3 1_3 fusion-flex-column fusion-animated\" style=\"--awb-bg-blend:overlay;--awb-bg-size:cover;--awb-width-large:33.333333333333%;--awb-margin-top-large:0px;--awb-spacing-right-large:5.76%;--awb-margin-bottom-large:0px;--awb-spacing-left-large:5.76%;--awb-width-medium:100%;--awb-order-medium:0;--awb-spacing-right-medium:1.92%;--awb-spacing-left-medium:1.92%;--awb-width-small:100%;--awb-order-small:0;--awb-spacing-right-small:1.92%;--awb-spacing-left-small:1.92%;\" data-animationType=\"fadeInRight\" data-animationDuration=\"0.6\" data-animationOffset=\"top-into-view\" data-scroll-devices=\"small-visibility,medium-visibility,large-visibility\"><div class=\"fusion-column-wrapper fusion-column-has-shadow fusion-flex-justify-content-center fusion-content-layout-column\"><ul style=\"--awb-line-height:51px;--awb-icon-width:51px;--awb-icon-height:51px;--awb-icon-margin:21px;--awb-content-margin:72px;\" class=\"fusion-checklist fusion-checklist-1 fusion-checklist-default type-icons\"><li class=\"fusion-li-item\" style=\"\"><span class=\"icon-wrapper circle-no\"><i class=\"fusion-li-icon fa-envelope fas\" aria-hidden=\"true\"><\/i><\/span><div class=\"fusion-li-item-content\">\n<h4 style=\"text-align: left;\"><span style=\"color: var(--awb-color1);\">her-das@seznam.cz<\/span><\/h4>\n<\/div><\/li><\/ul><\/div><\/div><\/div><\/div>\n<\/p>\n","protected":false},"excerpt":{"rendered":"","protected":false},"author":1,"featured_media":0,"parent":16,"menu_order":0,"comment_status":"closed","ping_status":"closed","template":"100-width.php","meta":{"om_disable_all_campaigns":false,"_monsterinsights_skip_tracking":false,"_monsterinsights_sitenote_active":false,"_monsterinsights_sitenote_note":"","_monsterinsights_sitenote_category":0,"_uf_show_specific_survey":0,"_uf_disable_surveys":false,"footnotes":""},"class_list":["post-18","page","type-page","status-publish","hentry"],"yoast_head":"<!-- This site is optimized with the Yoast SEO plugin v27.4 - https:\/\/yoast.com\/product\/yoast-seo-wordpress\/ -->\n<title>Jak se p\u0159ihl\u00e1sit do kurzu + za\u010d\u00e1tky kurz\u016f - Auto\u0161kola Her-\u010fas<\/title>\n<meta name=\"robots\" content=\"index, follow, max-snippet:-1, max-image-preview:large, max-video-preview:-1\" \/>\n<link rel=\"canonical\" href=\"https:\/\/www.her-das.cz\/?page_id=18\" \/>\n<meta property=\"og:locale\" content=\"cs_CZ\" \/>\n<meta property=\"og:type\" content=\"article\" \/>\n<meta property=\"og:title\" content=\"Jak se p\u0159ihl\u00e1sit do kurzu + za\u010d\u00e1tky kurz\u016f - Auto\u0161kola Her-\u010fas\" \/>\n<meta property=\"og:url\" content=\"https:\/\/www.her-das.cz\/?page_id=18\" \/>\n<meta property=\"og:site_name\" content=\"Auto\u0161kola Her-\u010fas\" \/>\n<meta property=\"article:modified_time\" content=\"2026-03-16T10:36:15+00:00\" \/>\n<meta name=\"twitter:card\" content=\"summary_large_image\" \/>\n<meta name=\"twitter:label1\" content=\"Odhadovan\u00e1 doba \u010dten\u00ed\" \/>\n\t<meta name=\"twitter:data1\" content=\"10 minut\" \/>\n<script type=\"application\/ld+json\" class=\"yoast-schema-graph\">{\"@context\":\"https:\\\/\\\/schema.org\",\"@graph\":[{\"@type\":\"WebPage\",\"@id\":\"https:\\\/\\\/www.her-das.cz\\\/?page_id=18\",\"url\":\"https:\\\/\\\/www.her-das.cz\\\/?page_id=18\",\"name\":\"Jak se p\u0159ihl\u00e1sit do kurzu + za\u010d\u00e1tky kurz\u016f - Auto\u0161kola Her-\u010fas\",\"isPartOf\":{\"@id\":\"https:\\\/\\\/www.her-das.cz\\\/#website\"},\"datePublished\":\"2019-01-29T07:58:38+00:00\",\"dateModified\":\"2026-03-16T10:36:15+00:00\",\"breadcrumb\":{\"@id\":\"https:\\\/\\\/www.her-das.cz\\\/?page_id=18#breadcrumb\"},\"inLanguage\":\"cs\",\"potentialAction\":[{\"@type\":\"ReadAction\",\"target\":[\"https:\\\/\\\/www.her-das.cz\\\/?page_id=18\"]}]},{\"@type\":\"BreadcrumbList\",\"@id\":\"https:\\\/\\\/www.her-das.cz\\\/?page_id=18#breadcrumb\",\"itemListElement\":[{\"@type\":\"ListItem\",\"position\":1,\"name\":\"Dom\u016f\",\"item\":\"https:\\\/\\\/www.her-das.cz\\\/\"},{\"@type\":\"ListItem\",\"position\":2,\"name\":\"Kurzy\",\"item\":\"https:\\\/\\\/www.her-das.cz\\\/?page_id=16\"},{\"@type\":\"ListItem\",\"position\":3,\"name\":\"Jak se p\u0159ihl\u00e1sit do kurzu + za\u010d\u00e1tky kurz\u016f\"}]},{\"@type\":\"WebSite\",\"@id\":\"https:\\\/\\\/www.her-das.cz\\\/#website\",\"url\":\"https:\\\/\\\/www.her-das.cz\\\/\",\"name\":\"Auto\u0161kola Her-\u010fas\",\"description\":\"\",\"potentialAction\":[{\"@type\":\"SearchAction\",\"target\":{\"@type\":\"EntryPoint\",\"urlTemplate\":\"https:\\\/\\\/www.her-das.cz\\\/?s={search_term_string}\"},\"query-input\":{\"@type\":\"PropertyValueSpecification\",\"valueRequired\":true,\"valueName\":\"search_term_string\"}}],\"inLanguage\":\"cs\"}]}<\/script>\n<!-- \/ Yoast SEO plugin. -->","yoast_head_json":{"title":"Jak se p\u0159ihl\u00e1sit do kurzu + za\u010d\u00e1tky kurz\u016f - Auto\u0161kola Her-\u010fas","robots":{"index":"index","follow":"follow","max-snippet":"max-snippet:-1","max-image-preview":"max-image-preview:large","max-video-preview":"max-video-preview:-1"},"canonical":"https:\/\/www.her-das.cz\/?page_id=18","og_locale":"cs_CZ","og_type":"article","og_title":"Jak se p\u0159ihl\u00e1sit do kurzu + za\u010d\u00e1tky kurz\u016f - Auto\u0161kola Her-\u010fas","og_url":"https:\/\/www.her-das.cz\/?page_id=18","og_site_name":"Auto\u0161kola Her-\u010fas","article_modified_time":"2026-03-16T10:36:15+00:00","twitter_card":"summary_large_image","twitter_misc":{"Odhadovan\u00e1 doba \u010dten\u00ed":"10 minut"},"schema":{"@context":"https:\/\/schema.org","@graph":[{"@type":"WebPage","@id":"https:\/\/www.her-das.cz\/?page_id=18","url":"https:\/\/www.her-das.cz\/?page_id=18","name":"Jak se p\u0159ihl\u00e1sit do kurzu + za\u010d\u00e1tky kurz\u016f - Auto\u0161kola Her-\u010fas","isPartOf":{"@id":"https:\/\/www.her-das.cz\/#website"},"datePublished":"2019-01-29T07:58:38+00:00","dateModified":"2026-03-16T10:36:15+00:00","breadcrumb":{"@id":"https:\/\/www.her-das.cz\/?page_id=18#breadcrumb"},"inLanguage":"cs","potentialAction":[{"@type":"ReadAction","target":["https:\/\/www.her-das.cz\/?page_id=18"]}]},{"@type":"BreadcrumbList","@id":"https:\/\/www.her-das.cz\/?page_id=18#breadcrumb","itemListElement":[{"@type":"ListItem","position":1,"name":"Dom\u016f","item":"https:\/\/www.her-das.cz\/"},{"@type":"ListItem","position":2,"name":"Kurzy","item":"https:\/\/www.her-das.cz\/?page_id=16"},{"@type":"ListItem","position":3,"name":"Jak se p\u0159ihl\u00e1sit do kurzu + za\u010d\u00e1tky kurz\u016f"}]},{"@type":"WebSite","@id":"https:\/\/www.her-das.cz\/#website","url":"https:\/\/www.her-das.cz\/","name":"Auto\u0161kola Her-\u010fas","description":"","potentialAction":[{"@type":"SearchAction","target":{"@type":"EntryPoint","urlTemplate":"https:\/\/www.her-das.cz\/?s={search_term_string}"},"query-input":{"@type":"PropertyValueSpecification","valueRequired":true,"valueName":"search_term_string"}}],"inLanguage":"cs"}]}},"_links":{"self":[{"href":"https:\/\/www.her-das.cz\/index.php?rest_route=\/wp\/v2\/pages\/18","targetHints":{"allow":["GET"]}}],"collection":[{"href":"https:\/\/www.her-das.cz\/index.php?rest_route=\/wp\/v2\/pages"}],"about":[{"href":"https:\/\/www.her-das.cz\/index.php?rest_route=\/wp\/v2\/types\/page"}],"author":[{"embeddable":true,"href":"https:\/\/www.her-das.cz\/index.php?rest_route=\/wp\/v2\/users\/1"}],"replies":[{"embeddable":true,"href":"https:\/\/www.her-das.cz\/index.php?rest_route=%2Fwp%2Fv2%2Fcomments&post=18"}],"version-history":[{"count":30,"href":"https:\/\/www.her-das.cz\/index.php?rest_route=\/wp\/v2\/pages\/18\/revisions"}],"predecessor-version":[{"id":1530,"href":"https:\/\/www.her-das.cz\/index.php?rest_route=\/wp\/v2\/pages\/18\/revisions\/1530"}],"up":[{"embeddable":true,"href":"https:\/\/www.her-das.cz\/index.php?rest_route=\/wp\/v2\/pages\/16"}],"wp:attachment":[{"href":"https:\/\/www.her-das.cz\/index.php?rest_route=%2Fwp%2Fv2%2Fmedia&parent=18"}],"curies":[{"name":"wp","href":"https:\/\/api.w.org\/{rel}","templated":true}]}}